{"id":57,"date":"2022-12-18T22:39:07","date_gmt":"2022-12-18T22:39:07","guid":{"rendered":"http:\/\/jtkasag.cluster031.hosting.ovh.net\/?page_id=57"},"modified":"2022-12-18T22:43:34","modified_gmt":"2022-12-18T22:43:34","slug":"biuro-swiadczy-uslugi-w-zakresie","status":"publish","type":"page","link":"https:\/\/buksdm.pl\/index.php\/biuro-swiadczy-uslugi-w-zakresie\/","title":{"rendered":"Zakres dzia\u0142alno\u015bci"},"content":{"rendered":"\n<h2 class=\"wp-block-heading\"><strong>Biuro \u015bwiadczy us\u0142ugi w zakresie:<\/strong><\/h2>\n\n\n\n<ul class=\"wp-block-list\">\n<li>wykonywanie czynno\u015bci rewizji finansowych,<\/li>\n\n\n\n<li>\u015bwiadczenie innych us\u0142ug atestacyjnych.<\/li>\n<\/ul>\n\n\n\n<h2 class=\"wp-block-heading\"><strong>Wpis do ewidencji dzia\u0142alno\u015bci gospodarczej:<\/strong><\/h2>\n\n\n\n<ul class=\"wp-block-list\">\n<li>Urz\u0105d Miasta Krakowa dnia 24.06.1997 r. &#8211; nr ewid. 17450\/97,<\/li>\n\n\n\n<li>Wpis na list\u0119 firm audytorskich dnia 19.08.1997 r. &#8211; nr ewid. 1661.<\/li>\n<\/ul>\n","protected":false},"excerpt":{"rendered":"<p>Biuro \u015bwiadczy us\u0142ugi w zakresie: Wpis do ewidencji dzia\u0142alno\u015bci gospodarczej:<\/p>\n","protected":false},"author":1,"featured_media":0,"parent":0,"menu_order":0,"comment_status":"closed","ping_status":"closed","template":"","meta":{"footnotes":""},"class_list":["post-57","page","type-page","status-publish","hentry"],"_links":{"self":[{"href":"https:\/\/buksdm.pl\/index.php\/wp-json\/wp\/v2\/pages\/57","targetHints":{"allow":["GET"]}}],"collection":[{"href":"https:\/\/buksdm.pl\/index.php\/wp-json\/wp\/v2\/pages"}],"about":[{"href":"https:\/\/buksdm.pl\/index.php\/wp-json\/wp\/v2\/types\/page"}],"author":[{"embeddable":true,"href":"https:\/\/buksdm.pl\/index.php\/wp-json\/wp\/v2\/users\/1"}],"replies":[{"embeddable":true,"href":"https:\/\/buksdm.pl\/index.php\/wp-json\/wp\/v2\/comments?post=57"}],"version-history":[{"count":3,"href":"https:\/\/buksdm.pl\/index.php\/wp-json\/wp\/v2\/pages\/57\/revisions"}],"predecessor-version":[{"id":62,"href":"https:\/\/buksdm.pl\/index.php\/wp-json\/wp\/v2\/pages\/57\/revisions\/62"}],"wp:attachment":[{"href":"https:\/\/buksdm.pl\/index.php\/wp-json\/wp\/v2\/media?parent=57"}],"curies":[{"name":"wp","href":"https:\/\/api.w.org\/{rel}","templated":true}]}}